{"id":98,"date":"2025-05-28T17:27:08","date_gmt":"2025-05-28T20:27:08","guid":{"rendered":"https:\/\/ucalp.edu.ar\/observatorio\/?page_id=98"},"modified":"2026-01-08T15:23:13","modified_gmt":"2026-01-08T18:23:13","slug":"estadisticas","status":"publish","type":"page","link":"https:\/\/ucalp.edu.ar\/observatorio\/estadisticas\/","title":{"rendered":"Estadisticas"},"content":{"rendered":"\t\t<div data-elementor-type=\"wp-page\" data-elementor-id=\"98\" class=\"elementor elementor-98\">\n\t\t\t\t<div class=\"elementor-element elementor-element-90d4242 e-flex e-con-boxed e-con e-parent\" data-id=\"90d4242\" data-element_type=\"container\" data-settings=\"{&quot;background_background&quot;:&quot;classic&quot;}\">\n\t\t\t\t\t<div class=\"e-con-inner\">\n\t\t<div class=\"elementor-element elementor-element-d8d6e1e e-con-full e-flex e-con e-child\" data-id=\"d8d6e1e\" data-element_type=\"container\">\n\t\t\t\t<div class=\"elementor-element elementor-element-07e9344 elementor-widget elementor-widget-heading\" data-id=\"07e9344\" data-element_type=\"widget\" data-widget_type=\"heading.default\">\n\t\t\t\t<div class=\"elementor-widget-container\">\n\t\t\t\t\t<h2 class=\"elementor-heading-title elementor-size-default\">ESTAD\u00cdSTICAS<\/h2>\t\t\t\t<\/div>\n\t\t\t\t<\/div>\n\t\t\t\t<\/div>\n\t\t\t\t\t<\/div>\n\t\t\t\t<\/div>\n\t\t<div class=\"elementor-element elementor-element-5ae45c3 e-flex e-con-boxed e-con e-parent\" data-id=\"5ae45c3\" data-element_type=\"container\">\n\t\t\t\t\t<div class=\"e-con-inner\">\n\t\t<div class=\"elementor-element elementor-element-7daa27e e-con-full e-flex e-con e-child\" data-id=\"7daa27e\" data-element_type=\"container\">\n\t\t\t\t<div class=\"elementor-element elementor-element-b6cd7d2 elementor-widget elementor-widget-heading\" data-id=\"b6cd7d2\" data-element_type=\"widget\" data-widget_type=\"heading.default\">\n\t\t\t\t<div class=\"elementor-widget-container\">\n\t\t\t\t\t<h2 class=\"elementor-heading-title elementor-size-default\">Datos de La Plata<\/h2>\t\t\t\t<\/div>\n\t\t\t\t<\/div>\n\t\t\t\t<div class=\"elementor-element elementor-element-c585631 elementor-widget elementor-widget-text-editor\" data-id=\"c585631\" data-element_type=\"widget\" data-widget_type=\"text-editor.default\">\n\t\t\t\t<div class=\"elementor-widget-container\">\n\t\t\t\t\t\t\t\t\t<div>\u00a0<\/div>\t\t\t\t\t\t\t\t<\/div>\n\t\t\t\t<\/div>\n\t\t\t\t<div class=\"elementor-element elementor-element-fd31926 elementor-widget elementor-widget-text-editor\" data-id=\"fd31926\" data-element_type=\"widget\" data-widget_type=\"text-editor.default\">\n\t\t\t\t<div class=\"elementor-widget-container\">\n\t\t\t\t\t\t\t\t\t<p>\u2022 La ciudad de La Plata es la capital de la Provincia de Buenos Aires.\u00a0<\/p><p>\u2022 <strong>\u00bfQu\u00e9 es el Gran La Plata?<\/strong> Es el aglomerado urbano que forma parte del AMBA y est\u00e1 compuesto por La Plata + Berisso + Ensenada, funcionando como una subregi\u00f3n con problemas y din\u00e1micas propias.\u00a0<\/p><p>\u2022 317.685 personas est\u00e1n en situaci\u00f3n de pobreza en el \u00e1rea relevada del Gran La Plata, de las cuales <strong>232.500 viven en asentamientos.\u00a0<\/strong><\/p><p>\u2022 De esos 232.500, 30.061 son ni\u00f1os\/as de 0 a 9 a\u00f1os, 35.360 son adolescentes de 10 a 19 y 31.003 son adultos mayores.\u00a0<\/p><p>\u2022 Gran La Plata es la ciudad con mayor cantidad de asentamientos de la Provincia de Buenos Aires, comparable a provincias como C\u00f3rdoba o Corrientes.\u00a0<\/p><p>\u2022 Si se tratara de un municipio, el universo de poblaci\u00f3n en barrios vulnerables ocupar\u00eda el puesto 26 en la provincia. Y si fuera una provincia, ocupar\u00eda el noveno lugar en cantidad de barrios.\u00a0<\/p><p>\u2022 La toma de Los Hornos (160 hect\u00e1reas, 2600 familias) es la m\u00e1s grande de la regi\u00f3n.\u00a0<\/p>\t\t\t\t\t\t\t\t<\/div>\n\t\t\t\t<\/div>\n\t\t\t\t<div class=\"elementor-element elementor-element-bf6e030 elementor-widget__width-inherit elementor-widget elementor-widget-heading\" data-id=\"bf6e030\" data-element_type=\"widget\" data-widget_type=\"heading.default\">\n\t\t\t\t<div class=\"elementor-widget-container\">\n\t\t\t\t\t<h3 class=\"elementor-heading-title elementor-size-default\">Mercado laboral del GLP:<\/h3>\t\t\t\t<\/div>\n\t\t\t\t<\/div>\n\t\t\t\t<div class=\"elementor-element elementor-element-2468409 elementor-widget elementor-widget-text-editor\" data-id=\"2468409\" data-element_type=\"widget\" data-widget_type=\"text-editor.default\">\n\t\t\t\t<div class=\"elementor-widget-container\">\n\t\t\t\t\t\t\t\t\t<p>Teniendo en cuenta una poblaci\u00f3n para el <strong>Gran La Plata<\/strong> de 902.505 nos da 317.685 personas pobres y 72.200 en situaci\u00f3n de indigencia. \u2028 Se puede estimar a trav\u00e9s del promedio de habitantes por hogar que brinda el INdEC, 2,9 personas por hogar, 3,85 por hogar pobre y 3,63 personas por hogar indigente:<\/p><p>Entonces en el <strong>Gran La Plata<\/strong> seg\u00fan los datos de pobreza e indigencia:<\/p><p>\u2022 Viven alrededor de <strong>317.700 personas pobres<\/strong> (35,2% de la poblaci\u00f3n).<\/p><p>\u2022 Dentro de ellas, unas <strong>72.200 son indigentes<\/strong> (8% de la poblaci\u00f3n).<\/p><p>\u2022 Esto se traduce en 78.113 hogares pobres, de los cuales unos 14.126 son indigentes.<\/p><p>Se puede realizar una aproximaci\u00f3n aplicando las proporciones nacionales a la tasa de empleo del <strong>Gran La Plata<\/strong>, 44,2% de la poblaci\u00f3n total.<\/p><ol><li><em>Asalariados<\/em>: siguiendo el promedio nacional, representar\u00edan el 72,4% de los ocupados \u2192 \u2248 32,0% de la poblaci\u00f3n total. \u2028 De ellos, el 37,7% no tiene descuento jubilatorio (informales) \u2192 \u2248 12,1% de la poblaci\u00f3n total (27% de los ocupados). \u2028 Dentro de los informales, un 15,7% realiza aportes propios (\u2248 1,9% de la poblaci\u00f3n total).<\/li><li><em>Cuenta propia:<\/em> el 23,7% de los ocupados \u2192 \u2248 10,5% de la poblaci\u00f3n total.<\/li><li><em>Patrones:<\/em> el 3,5% de los ocupados \u2192 \u2248 1,5% de la poblaci\u00f3n total.<\/li><li><em>Trabajadores familiares sin remuneraci\u00f3n:<\/em> el 0,4% de los ocupados \u2192 \u2248 0,2% de la poblaci\u00f3n total.<\/li><\/ol><p>\u2022 Indicadores cualitativos, estimados por proporciones nacionales.<br \/><span style=\"font-style: inherit; font-weight: inherit;\">\u2022 Informalidad total: en <\/span><b style=\"font-style: inherit;\">Gran La Plata<\/b><span style=\"font-style: inherit; font-weight: inherit;\"> equivaldr\u00eda a 19% de la poblaci\u00f3n total.<\/span><\/p><p><strong>Nivel educativo de los ocupados:\u00a0<\/strong><\/p><p>\u2022 Hasta secundario completo: \u2248 60% de los ocupados.<\/p><p>\u2022 Superior o universitario (completo o incompleto): \u2248 40% de los ocupados<\/p>\t\t\t\t\t\t\t\t<\/div>\n\t\t\t\t<\/div>\n\t\t\t\t<\/div>\n\t\t\t\t\t<\/div>\n\t\t\t\t<\/div>\n\t\t<div class=\"elementor-element elementor-element-dc2731e e-flex e-con-boxed e-con e-parent\" data-id=\"dc2731e\" data-element_type=\"container\">\n\t\t\t\t\t<div class=\"e-con-inner\">\n\t\t<div class=\"elementor-element elementor-element-fe111d1 e-con-full e-flex e-con e-child\" data-id=\"fe111d1\" data-element_type=\"container\">\n\t\t<div class=\"elementor-element elementor-element-ad8583f e-con-full e-flex e-con e-child\" data-id=\"ad8583f\" data-element_type=\"container\">\n\t\t\t\t<div class=\"elementor-element elementor-element-3e96f2d elementor-grid-eael-col-3 elementor-grid-tablet-eael-col-2 elementor-grid-mobile-eael-col-1 elementor-widget elementor-widget-eael-post-grid\" data-id=\"3e96f2d\" data-element_type=\"widget\" data-settings=\"{&quot;eael_post_grid_columns&quot;:&quot;eael-col-3&quot;,&quot;eael_post_grid_columns_tablet&quot;:&quot;eael-col-2&quot;,&quot;eael_post_grid_columns_mobile&quot;:&quot;eael-col-1&quot;}\" data-widget_type=\"eael-post-grid.default\">\n\t\t\t\t<div class=\"elementor-widget-container\">\n\t\t\t\t\t<div id=\"eael-post-grid-3e96f2d\" class=\"eael-post-grid-container\">\n            <div class=\"eael-post-grid eael-post-appender eael-post-appender-3e96f2d eael-post-grid-style-three\" data-layout-mode=\"grid\"><article class=\"eael-grid-post eael-post-grid-column\" data-id=\"1319\">\n        <div class=\"eael-grid-post-holder\">\n            <div class=\"eael-grid-post-holder-inner\"><div class=\"eael-entry-media\"><div class=\"eael-entry-overlay fade-in\"><i class=\"fas fa-long-arrow-alt-right\" aria-hidden=\"true\"><\/i><a href=\"https:\/\/ucalp.edu.ar\/observatorio\/precariedad-laboral-desempleo-e-informalidad-en-el-gran-la-plata\/\"rel=\"nofollow\"><\/a><\/div><div class=\"eael-entry-thumbnail eael-image-ratio\">\n                 <img fetchpriority=\"high\" decoding=\"async\" width=\"300\" height=\"206\" src=\"https:\/\/ucalp.edu.ar\/observatorio\/wp-content\/uploads\/2026\/01\/Sin-titulo-4-300x206.jpg\" class=\"attachment-medium size-medium wp-image-1324\" alt=\"\" srcset=\"https:\/\/ucalp.edu.ar\/observatorio\/wp-content\/uploads\/2026\/01\/Sin-titulo-4-300x206.jpg 300w, https:\/\/ucalp.edu.ar\/observatorio\/wp-content\/uploads\/2026\/01\/Sin-titulo-4-768x528.jpg 768w, https:\/\/ucalp.edu.ar\/observatorio\/wp-content\/uploads\/2026\/01\/Sin-titulo-4.jpg 800w\" sizes=\"(max-width: 300px) 100vw, 300px\" \/>\n             <\/div>\n        <\/div><div class=\"eael-entry-wrapper\"><header class=\"eael-entry-header\"><h3 class=\"eael-entry-title\"><a class=\"eael-grid-post-link\" href=\"https:\/\/ucalp.edu.ar\/observatorio\/precariedad-laboral-desempleo-e-informalidad-en-el-gran-la-plata\/\" title=\"Precariedad laboral: desempleo e informalidad en el Gran La Plata.\"rel=\"nofollow\">Precariedad laboral: desempleo e informalidad en el Gran La Plata.<\/a><\/h3><\/header><div class=\"eael-entry-meta\"><span class=\"eael-posted-on\"><time datetime=\"8 enero, 2026\">8 enero, 2026<\/time><\/span><\/div><div class=\"eael-entry-content\">\n                        <div class=\"eael-grid-post-excerpt\"><p>Subutilizaci\u00f3n de la fuerza de trabajo. En econom\u00eda y ciencias...<\/p><a href=\"https:\/\/ucalp.edu.ar\/observatorio\/precariedad-laboral-desempleo-e-informalidad-en-el-gran-la-plata\/\" class=\"eael-post-elements-readmore-btn\"rel=\"nofollow\">Leer m\u00e1s<\/a><\/div>\n                    <\/div><\/div><\/div>\n        <\/div>\n    <\/article><\/div>\n            <div class=\"clearfix\"><\/div>\n        <\/div>\t\t\t\t<\/div>\n\t\t\t\t<\/div>\n\t\t\t\t<\/div>\n\t\t\t\t<\/div>\n\t\t\t\t\t<\/div>\n\t\t\t\t<\/div>\n\t\t\t\t<\/div>\n\t\t","protected":false},"excerpt":{"rendered":"<p>ESTAD\u00cdSTICAS Datos de La Plata \u00a0 \u2022 La ciudad de La Plata es la capital de la Provincia de Buenos [&hellip;]<\/p>\n","protected":false},"author":2,"featured_media":0,"parent":0,"menu_order":0,"comment_status":"closed","ping_status":"closed","template":"","meta":{"site-sidebar-layout":"no-sidebar","site-content-layout":"","ast-site-content-layout":"full-width-container","site-content-style":"default","site-sidebar-style":"default","ast-global-header-display":"","ast-banner-title-visibility":"","ast-main-header-display":"","ast-hfb-above-header-display":"","ast-hfb-below-header-display":"","ast-hfb-mobile-header-display":"","site-post-title":"disabled","ast-breadcrumbs-content":"","ast-featured-img":"disabled","footer-sml-layout":"","ast-disable-related-posts":"","theme-transparent-header-meta":"","adv-header-id-meta":"","stick-header-meta":"","header-above-stick-meta":"","header-main-stick-meta":"","header-below-stick-meta":"","astra-migrate-meta-layouts":"default","ast-page-background-enabled":"default","ast-page-background-meta":{"desktop":{"background-color":"var(--ast-global-color-5)","background-image":"","background-repeat":"repeat","background-position":"center center","background-size":"auto","background-attachment":"scroll","background-type":"","background-media":"","overlay-type":"","overlay-color":"","overlay-opacity":"","overlay-gradient":""},"tablet":{"background-color":"","background-image":"","background-repeat":"repeat","background-position":"center center","background-size":"auto","background-attachment":"scroll","background-type":"","background-media":"","overlay-type":"","overlay-color":"","overlay-opacity":"","overlay-gradient":""},"mobile":{"background-color":"","background-image":"","background-repeat":"repeat","background-position":"center center","background-size":"auto","background-attachment":"scroll","background-type":"","background-media":"","overlay-type":"","overlay-color":"","overlay-opacity":"","overlay-gradient":""}},"ast-content-background-meta":{"desktop":{"background-color":"var(--ast-global-color-4)","background-image":"","background-repeat":"repeat","background-position":"center center","background-size":"auto","background-attachment":"scroll","background-type":"","background-media":"","overlay-type":"","overlay-color":"","overlay-opacity":"","overlay-gradient":""},"tablet":{"background-color":"var(--ast-global-color-4)","background-image":"","background-repeat":"repeat","background-position":"center center","background-size":"auto","background-attachment":"scroll","background-type":"","background-media":"","overlay-type":"","overlay-color":"","overlay-opacity":"","overlay-gradient":""},"mobile":{"background-color":"var(--ast-global-color-4)","background-image":"","background-repeat":"repeat","background-position":"center center","background-size":"auto","background-attachment":"scroll","background-type":"","background-media":"","overlay-type":"","overlay-color":"","overlay-opacity":"","overlay-gradient":""}},"footnotes":""},"class_list":["post-98","page","type-page","status-publish","hentry"],"_links":{"self":[{"href":"https:\/\/ucalp.edu.ar\/observatorio\/wp-json\/wp\/v2\/pages\/98","targetHints":{"allow":["GET"]}}],"collection":[{"href":"https:\/\/ucalp.edu.ar\/observatorio\/wp-json\/wp\/v2\/pages"}],"about":[{"href":"https:\/\/ucalp.edu.ar\/observatorio\/wp-json\/wp\/v2\/types\/page"}],"author":[{"embeddable":true,"href":"https:\/\/ucalp.edu.ar\/observatorio\/wp-json\/wp\/v2\/users\/2"}],"replies":[{"embeddable":true,"href":"https:\/\/ucalp.edu.ar\/observatorio\/wp-json\/wp\/v2\/comments?post=98"}],"version-history":[{"count":145,"href":"https:\/\/ucalp.edu.ar\/observatorio\/wp-json\/wp\/v2\/pages\/98\/revisions"}],"predecessor-version":[{"id":1323,"href":"https:\/\/ucalp.edu.ar\/observatorio\/wp-json\/wp\/v2\/pages\/98\/revisions\/1323"}],"wp:attachment":[{"href":"https:\/\/ucalp.edu.ar\/observatorio\/wp-json\/wp\/v2\/media?parent=98"}],"curies":[{"name":"wp","href":"https:\/\/api.w.org\/{rel}","templated":true}]}}