{"id":783,"date":"2025-05-31T14:28:44","date_gmt":"2025-05-31T17:28:44","guid":{"rendered":"https:\/\/ucalp.edu.ar\/observatorio\/?page_id=783"},"modified":"2025-06-08T21:50:30","modified_gmt":"2025-06-09T00:50:30","slug":"papers","status":"publish","type":"page","link":"https:\/\/ucalp.edu.ar\/observatorio\/papers\/","title":{"rendered":"Papers"},"content":{"rendered":"\t\t<div data-elementor-type=\"wp-page\" data-elementor-id=\"783\" class=\"elementor elementor-783\">\n\t\t\t\t<div class=\"elementor-element elementor-element-e3762ff e-flex e-con-boxed e-con e-parent\" data-id=\"e3762ff\" data-element_type=\"container\" data-settings=\"{&quot;background_background&quot;:&quot;classic&quot;}\">\n\t\t\t\t\t<div class=\"e-con-inner\">\n\t\t<div class=\"elementor-element elementor-element-26fe755 e-con-full e-flex e-con e-child\" data-id=\"26fe755\" data-element_type=\"container\">\n\t\t\t\t<div class=\"elementor-element elementor-element-3c055bf elementor-widget elementor-widget-heading\" data-id=\"3c055bf\" data-element_type=\"widget\" data-widget_type=\"heading.default\">\n\t\t\t\t<div class=\"elementor-widget-container\">\n\t\t\t\t\t<h2 class=\"elementor-heading-title elementor-size-default\">PAPERS<\/h2>\t\t\t\t<\/div>\n\t\t\t\t<\/div>\n\t\t\t\t<\/div>\n\t\t\t\t\t<\/div>\n\t\t\t\t<\/div>\n\t\t<div class=\"elementor-element elementor-element-3f371ff e-flex e-con-boxed e-con e-parent\" data-id=\"3f371ff\" data-element_type=\"container\">\n\t\t\t\t\t<div class=\"e-con-inner\">\n\t\t<div class=\"elementor-element elementor-element-605184b e-con-full e-flex e-con e-child\" data-id=\"605184b\" data-element_type=\"container\">\n\t\t\t\t<div class=\"elementor-element elementor-element-87d6280 content-align-cta-default elementor-widget elementor-widget-eael-cta-box\" data-id=\"87d6280\" data-element_type=\"widget\" data-widget_type=\"eael-cta-box.default\">\n\t\t\t\t<div class=\"elementor-widget-container\">\n\t\t\t\t\t\t\t<div class=\"eael-call-to-action cta-basic bg-lite cta-preset-1\">\n        <h4 class=\"sub-title\">2024<\/h4><h3 class=\"title eael-cta-heading\">The University as a link Factor with the community for local developent. Martin Rodrigo Bernardo Paulo. Culcasi Irene, Palazzo Miriam, Romandetta, Renata, Burgin Thomas, \u00c1lvarez L\u00f3pez, Zoe<\/h3><p>IX: Universidad de Estudios Pol\u00edticos y Administrativos de Rumania (Bucarest), 2024<\/p><a href=\"#\" class=\"cta-button cta-preset-1  \">Descargar<\/a>\t<\/div>\n\t\t\t\t\t\t\t\t<\/div>\n\t\t\t\t<\/div>\n\t\t\t\t<div class=\"elementor-element elementor-element-bb7e2e4 content-align-cta-default elementor-widget elementor-widget-eael-cta-box\" data-id=\"bb7e2e4\" data-element_type=\"widget\" data-widget_type=\"eael-cta-box.default\">\n\t\t\t\t<div class=\"elementor-widget-container\">\n\t\t\t\t\t\t\t<div class=\"eael-call-to-action cta-basic bg-lite cta-preset-1\">\n        <h4 class=\"sub-title\">2023<\/h4><h3 class=\"title eael-cta-heading\">Recreando nuestro modo de habitar desde la sabidur\u00eda popular Revoluci\u00f3n cultural, desarrollo sostenible y universidad.  Luciano E. Bizin, Rodrigo A. Mart\u00edn, Paulo A. Bernardo<\/h3><p>Cultori dell Incontro. Cultori dell\u00b4Incontro Scholas Chairs\u00b4 Journal online.<\/p><a href=\"https:\/\/cultoridellincontro.org\/es\/ultimo-numero\/\" target=\"_blank\" class=\"cta-button cta-preset-1  \">Descargar<\/a>\t<\/div>\n\t\t\t\t\t\t\t\t<\/div>\n\t\t\t\t<\/div>\n\t\t\t\t<div class=\"elementor-element elementor-element-db3cffa content-align-cta-default elementor-widget elementor-widget-eael-cta-box\" data-id=\"db3cffa\" data-element_type=\"widget\" data-widget_type=\"eael-cta-box.default\">\n\t\t\t\t<div class=\"elementor-widget-container\">\n\t\t\t\t\t\t\t<div class=\"eael-call-to-action cta-basic bg-lite cta-preset-1\">\n        <h4 class=\"sub-title\">2021<\/h4><h3 class=\"title eael-cta-heading\">Un camino \u00c9tico Hist\u00f3rico para superar el esc\u00e1ndalo de la Pobreza. Lic Bernardo, Paulo, Mg Bizin, Luciano, Mg Mart\u00edn, Rodrigo.<\/h3><p>Revista Perspectiva UCALP. Universidad Cat\u00f3lica de La Plata.<\/p><a href=\"https:\/\/repositorio.ucalp.edu.ar\/collections\/c591c184-5f30-4c02-a578-d288227770c6\" target=\"_blank\" class=\"cta-button cta-preset-1  \">Descargar<\/a>\t<\/div>\n\t\t\t\t\t\t\t\t<\/div>\n\t\t\t\t<\/div>\n\t\t\t\t<div class=\"elementor-element elementor-element-329f587 content-align-cta-default elementor-widget elementor-widget-eael-cta-box\" data-id=\"329f587\" data-element_type=\"widget\" data-widget_type=\"eael-cta-box.default\">\n\t\t\t\t<div class=\"elementor-widget-container\">\n\t\t\t\t\t\t\t<div class=\"eael-call-to-action cta-basic bg-lite cta-preset-1\">\n        <h4 class=\"sub-title\">2020<\/h4><h3 class=\"title eael-cta-heading\">H\u00e1bitat e inclusi\u00f3n en d\u00e9ficit. Acercamiento a la realidad de los asentamientos humanos precarios en el Gran La Plata. Mg. Rodrigo Mart\u00edn, Lic. B\u00e1rbara Ruiz.<\/h3><p>Universidad Cat\u00f3lica de La Plata<\/p><a href=\"https:\/\/www.ucalp.edu.ar\/la-universidad\/observatorio-socioeconomico\/informes\/\" target=\"_blank\" class=\"cta-button cta-preset-1  \">Descargar<\/a>\t<\/div>\n\t\t\t\t\t\t\t\t<\/div>\n\t\t\t\t<\/div>\n\t\t\t\t<div class=\"elementor-element elementor-element-4714aab content-align-cta-default elementor-widget elementor-widget-eael-cta-box\" data-id=\"4714aab\" data-element_type=\"widget\" data-widget_type=\"eael-cta-box.default\">\n\t\t\t\t<div class=\"elementor-widget-container\">\n\t\t\t\t\t\t\t<div class=\"eael-call-to-action cta-basic bg-lite cta-preset-1\">\n        <h4 class=\"sub-title\">2019<\/h4><h3 class=\"title eael-cta-heading\">El Bien com\u00fan como faro del Verdadero Desarrollo Integral de los pueblos. Nuevos Indicadores para el tiempo pos pandemia. Mg Martin Rodrigo. Mg Bizin Luciano.<\/h3><p>Universidad Cat\u00f3lica de La Plata<\/p><a href=\"https:\/\/www.ucalp.edu.ar\/wp-content\/uploads\/2020\/09\/El-bien-com%C3%BAn-como-faro-del-verdadero-desarrollo-integral-de-los-pueblos.pdf\" target=\"_blank\" class=\"cta-button cta-preset-1  \">Descargar<\/a>\t<\/div>\n\t\t\t\t\t\t\t\t<\/div>\n\t\t\t\t<\/div>\n\t\t\t\t<\/div>\n\t\t\t\t\t<\/div>\n\t\t\t\t<\/div>\n\t\t\t\t<\/div>\n\t\t","protected":false},"excerpt":{"rendered":"<p>PAPERS 2024 The University as a link Factor with the community for local developent. Martin Rodrigo Bernardo Paulo. Culcasi Irene, [&hellip;]<\/p>\n","protected":false},"author":2,"featured_media":0,"parent":0,"menu_order":0,"comment_status":"closed","ping_status":"closed","template":"","meta":{"site-sidebar-layout":"no-sidebar","site-content-layout":"","ast-site-content-layout":"full-width-container","site-content-style":"default","site-sidebar-style":"default","ast-global-header-display":"","ast-banner-title-visibility":"","ast-main-header-display":"","ast-hfb-above-header-display":"","ast-hfb-below-header-display":"","ast-hfb-mobile-header-display":"","site-post-title":"disabled","ast-breadcrumbs-content":"","ast-featured-img":"disabled","footer-sml-layout":"","ast-disable-related-posts":"","theme-transparent-header-meta":"","adv-header-id-meta":"","stick-header-meta":"","header-above-stick-meta":"","header-main-stick-meta":"","header-below-stick-meta":"","astra-migrate-meta-layouts":"default","ast-page-background-enabled":"default","ast-page-background-meta":{"desktop":{"background-color":"var(--ast-global-color-5)","background-image":"","background-repeat":"repeat","background-position":"center center","background-size":"auto","background-attachment":"scroll","background-type":"","background-media":"","overlay-type":"","overlay-color":"","overlay-opacity":"","overlay-gradient":""},"tablet":{"background-color":"","background-image":"","background-repeat":"repeat","background-position":"center center","background-size":"auto","background-attachment":"scroll","background-type":"","background-media":"","overlay-type":"","overlay-color":"","overlay-opacity":"","overlay-gradient":""},"mobile":{"background-color":"","background-image":"","background-repeat":"repeat","background-position":"center center","background-size":"auto","background-attachment":"scroll","background-type":"","background-media":"","overlay-type":"","overlay-color":"","overlay-opacity":"","overlay-gradient":""}},"ast-content-background-meta":{"desktop":{"background-color":"var(--ast-global-color-4)","background-image":"","background-repeat":"repeat","background-position":"center center","background-size":"auto","background-attachment":"scroll","background-type":"","background-media":"","overlay-type":"","overlay-color":"","overlay-opacity":"","overlay-gradient":""},"tablet":{"background-color":"var(--ast-global-color-4)","background-image":"","background-repeat":"repeat","background-position":"center center","background-size":"auto","background-attachment":"scroll","background-type":"","background-media":"","overlay-type":"","overlay-color":"","overlay-opacity":"","overlay-gradient":""},"mobile":{"background-color":"var(--ast-global-color-4)","background-image":"","background-repeat":"repeat","background-position":"center center","background-size":"auto","background-attachment":"scroll","background-type":"","background-media":"","overlay-type":"","overlay-color":"","overlay-opacity":"","overlay-gradient":""}},"footnotes":""},"class_list":["post-783","page","type-page","status-publish","hentry"],"_links":{"self":[{"href":"https:\/\/ucalp.edu.ar\/observatorio\/wp-json\/wp\/v2\/pages\/783","targetHints":{"allow":["GET"]}}],"collection":[{"href":"https:\/\/ucalp.edu.ar\/observatorio\/wp-json\/wp\/v2\/pages"}],"about":[{"href":"https:\/\/ucalp.edu.ar\/observatorio\/wp-json\/wp\/v2\/types\/page"}],"author":[{"embeddable":true,"href":"https:\/\/ucalp.edu.ar\/observatorio\/wp-json\/wp\/v2\/users\/2"}],"replies":[{"embeddable":true,"href":"https:\/\/ucalp.edu.ar\/observatorio\/wp-json\/wp\/v2\/comments?post=783"}],"version-history":[{"count":34,"href":"https:\/\/ucalp.edu.ar\/observatorio\/wp-json\/wp\/v2\/pages\/783\/revisions"}],"predecessor-version":[{"id":1097,"href":"https:\/\/ucalp.edu.ar\/observatorio\/wp-json\/wp\/v2\/pages\/783\/revisions\/1097"}],"wp:attachment":[{"href":"https:\/\/ucalp.edu.ar\/observatorio\/wp-json\/wp\/v2\/media?parent=783"}],"curies":[{"name":"wp","href":"https:\/\/api.w.org\/{rel}","templated":true}]}}