{"id":617,"date":"2025-05-30T17:39:34","date_gmt":"2025-05-30T20:39:34","guid":{"rendered":"https:\/\/ucalp.edu.ar\/observatorio\/?page_id=617"},"modified":"2026-01-08T14:50:43","modified_gmt":"2026-01-08T17:50:43","slug":"innovacion","status":"publish","type":"page","link":"https:\/\/ucalp.edu.ar\/observatorio\/innovacion\/","title":{"rendered":"Innovaci\u00f3n"},"content":{"rendered":"\t\t<div data-elementor-type=\"wp-page\" data-elementor-id=\"617\" class=\"elementor elementor-617\">\n\t\t\t\t<div class=\"elementor-element elementor-element-97178bf e-flex e-con-boxed e-con e-parent\" data-id=\"97178bf\" data-element_type=\"container\" data-settings=\"{&quot;background_background&quot;:&quot;classic&quot;}\">\n\t\t\t\t\t<div class=\"e-con-inner\">\n\t\t<div class=\"elementor-element elementor-element-9ab2b9b e-con-full e-flex e-con e-child\" data-id=\"9ab2b9b\" data-element_type=\"container\">\n\t\t\t\t<div class=\"elementor-element elementor-element-3812de6 elementor-widget elementor-widget-heading\" data-id=\"3812de6\" data-element_type=\"widget\" data-widget_type=\"heading.default\">\n\t\t\t\t<div class=\"elementor-widget-container\">\n\t\t\t\t\t<h2 class=\"elementor-heading-title elementor-size-default\">INNOVACI\u00d3N<\/h2>\t\t\t\t<\/div>\n\t\t\t\t<\/div>\n\t\t\t\t<\/div>\n\t\t\t\t\t<\/div>\n\t\t\t\t<\/div>\n\t\t<div class=\"elementor-element elementor-element-538fd3a e-flex e-con-boxed e-con e-parent\" data-id=\"538fd3a\" data-element_type=\"container\">\n\t\t\t\t\t<div class=\"e-con-inner\">\n\t\t<div class=\"elementor-element elementor-element-a94feac e-con-full e-flex e-con e-child\" data-id=\"a94feac\" data-element_type=\"container\">\n\t\t\t\t<div class=\"elementor-element elementor-element-bc1f403 elementor-widget elementor-widget-heading\" data-id=\"bc1f403\" data-element_type=\"widget\" data-widget_type=\"heading.default\">\n\t\t\t\t<div class=\"elementor-widget-container\">\n\t\t\t\t\t<h2 class=\"elementor-heading-title elementor-size-default\">Un espacio que busca ir m\u00e1s all\u00e1 de los algoritmos para construir puentes de humanizaci\u00f3n <\/h2>\t\t\t\t<\/div>\n\t\t\t\t<\/div>\n\t\t\t\t<div class=\"elementor-element elementor-element-78a70f0 elementor-widget elementor-widget-text-editor\" data-id=\"78a70f0\" data-element_type=\"widget\" data-widget_type=\"text-editor.default\">\n\t\t\t\t<div class=\"elementor-widget-container\">\n\t\t\t\t\t\t\t\t\t<p>En el coraz\u00f3n del Observatorio Socioecon\u00f3mico de la Universidad Cat\u00f3lica de La Plata (ObUCALP), nace un nuevo espacio, un \u00e1mbito de innovaci\u00f3n con vistas al desarrollo humano integral. Para este espacio, tenemos un prop\u00f3sito bien definido: <em>Favorecer el proceso de<\/em> <em>humanizaci\u00f3n de la inteligencia artificial (IA) y la computaci\u00f3n cu\u00e1ntica, construyendo puentes tecnol\u00f3gicos que conecten la vanguardia de la ciencia con el desarrollo humano integral.<\/em><\/p><p>La era de la IA y computaci\u00f3n cu\u00e1ntica ya ha comenzado, no es el futuro, ni est\u00e1 por venir. Por eso necesitamos ir m\u00e1s all\u00e1 del algoritmo. Nos sentimos interpelados a profundizar en las \u00faltimas tecnolog\u00edas, no solo por su potencial t\u00e9cnico sino por su impacto real en la dignidad humana, la equidad y la construcci\u00f3n de sociedades m\u00e1s justas y sostenibles.<\/p><p>Frente a este desaf\u00edo, vemos imperioso construir puentes tecnol\u00f3gicos, democratizar el conocimiento y ofrecer herramientas pr\u00e1cticas para que empresarios, investigadores, miembros de ONGs y entusiastas en general, puedan utilizar estas tecnolog\u00edas de manera \u00e9tica y provechosa para el bien com\u00fan.<\/p>\t\t\t\t\t\t\t\t<\/div>\n\t\t\t\t<\/div>\n\t\t\t\t<div class=\"elementor-element elementor-element-1c49c36 elementor-widget elementor-widget-text-editor\" data-id=\"1c49c36\" data-element_type=\"widget\" data-widget_type=\"text-editor.default\">\n\t\t\t\t<div class=\"elementor-widget-container\">\n\t\t\t\t\t\t\t\t\t<div>\u00a0<\/div>\t\t\t\t\t\t\t\t<\/div>\n\t\t\t\t<\/div>\n\t\t\t\t<div class=\"elementor-element elementor-element-7e5b930 elementor-widget elementor-widget-heading\" data-id=\"7e5b930\" data-element_type=\"widget\" data-widget_type=\"heading.default\">\n\t\t\t\t<div class=\"elementor-widget-container\">\n\t\t\t\t\t<h3 class=\"elementor-heading-title elementor-size-default\">Un espacio que busca ir m\u00e1s all\u00e1 de los algoritmos para construir puentes de humanizaci\u00f3n <\/h3>\t\t\t\t<\/div>\n\t\t\t\t<\/div>\n\t\t\t\t<div class=\"elementor-element elementor-element-35f92ca elementor-widget elementor-widget-text-editor\" data-id=\"35f92ca\" data-element_type=\"widget\" data-widget_type=\"text-editor.default\">\n\t\t\t\t<div class=\"elementor-widget-container\">\n\t\t\t\t\t\t\t\t\t<p>Estamos en medio de una revoluci\u00f3n tecnol\u00f3gica. La IA y la computaci\u00f3n cu\u00e1ntica est\u00e1n transformando nuestro mundo a una velocidad sin precedentes. Por eso, abrimos este espacio de innovaci\u00f3n, con el compromiso de desentra\u00f1ar la complejidad que este tipo de desarrollos trae para la humanidad desde una perspectiva centrada en el <em>nosotros de nosotros<\/em> enraizado en un <em>suelo geocultural<\/em>.<\/p><p>En concreto, buscamos responder estas preguntas:<\/p><ul><li><em>\u00bfQu\u00e9 desaf\u00edos sociales, econ\u00f3micos, ambientales, educativos y \u00e9ticos pueden generar estas tecnolog\u00edas y podemos anticipar, para evitar que profundicen las desigualdades o atenten contra la dignidad humana<\/em><\/li><li><em style=\"font-size: 16px;\">\u00bfC\u00f3mo podemos asegurar que la IA y la computaci\u00f3n cu\u00e1ntica se conviertan en herramientas para la inclusi\u00f3n, la mejora de la calidad de vida, en definitiva, para el desarrollo humano integral?<\/em><\/li><\/ul><p>A trav\u00e9s de un an\u00e1lisis riguroso y multidisciplinario, queremos humanizar la investigaci\u00f3n, el desarrollo, y la aplicaci\u00f3n de las nuevas tecnolog\u00edas, poniendo en el centro, las necesidades y el potencial de las personas y comunidades.<\/p>\t\t\t\t\t\t\t\t<\/div>\n\t\t\t\t<\/div>\n\t\t\t\t<div class=\"elementor-element elementor-element-ecaca69 elementor-widget elementor-widget-heading\" data-id=\"ecaca69\" data-element_type=\"widget\" data-widget_type=\"heading.default\">\n\t\t\t\t<div class=\"elementor-widget-container\">\n\t\t\t\t\t<h3 class=\"elementor-heading-title elementor-size-default\">Construyendo puentes algor\u00edtmicos<\/h3>\t\t\t\t<\/div>\n\t\t\t\t<\/div>\n\t\t\t\t<div class=\"elementor-element elementor-element-268a3bc elementor-widget elementor-widget-text-editor\" data-id=\"268a3bc\" data-element_type=\"widget\" data-widget_type=\"text-editor.default\">\n\t\t\t\t<div class=\"elementor-widget-container\">\n\t\t\t\t\t\t\t\t\t<p>Creemos que el verdadero poder de la tecnolog\u00eda reside en su capacidad para empoderar a las personas y transformar positivamente a la sociedad. Esto no significa que como herramienta pueda ser utilizada con fines contrarios a los valores \u00e9ticos, pero m\u00e1s que la cr\u00edtica, buscamos favorecer el desvelamiento de su potencial para el desarrollo humano.<\/p><p>Por ello, este espacio de innovaci\u00f3n se erige tambi\u00e9n como un constructor de puentes, uniendo el conocimiento te\u00f3rico con la acci\u00f3n a nivel global, como un espacio que estar\u00e1 siempre abierto a la otredad, y que entiende que en el di\u00e1logo y la cooperaci\u00f3n nos ayudamos mutuamente a encontrar caminos novedosos y de bien para la humanidad.<\/p>\t\t\t\t\t\t\t\t<\/div>\n\t\t\t\t<\/div>\n\t\t\t\t<div class=\"elementor-element elementor-element-f77c81e elementor-widget elementor-widget-heading\" data-id=\"f77c81e\" data-element_type=\"widget\" data-widget_type=\"heading.default\">\n\t\t\t\t<div class=\"elementor-widget-container\">\n\t\t\t\t\t<h3 class=\"elementor-heading-title elementor-size-default\">Una invitaci\u00f3n a conectar, aprender y transformar con actitud de apertura a la novedad<\/h3>\t\t\t\t<\/div>\n\t\t\t\t<\/div>\n\t\t\t\t<div class=\"elementor-element elementor-element-13ce794 elementor-widget elementor-widget-text-editor\" data-id=\"13ce794\" data-element_type=\"widget\" data-widget_type=\"text-editor.default\">\n\t\t\t\t<div class=\"elementor-widget-container\">\n\t\t\t\t\t\t\t\t\t<p>Imaginamos un futuro donde empresas, ONGs, instituciones acad\u00e9micas, y gobiernos puedan utilizar la IA y la computaci\u00f3n cu\u00e1ntica para optimizar sus iniciativas sociales, pol\u00edticas, econ\u00f3micas, ambientales y educativas, o donde investigadores o miembros de ONGs puedan aplicar estas herramientas para encontrar soluciones innovadoras a problemas que afectan a nuestras comunidades.<\/p><p>Al construir puentes algor\u00edtmicos humanizantes buscamos democratizar el acceso a la innovaci\u00f3n, permitiendo que una gama m\u00e1s amplia de actores se conviertan en agentes de cambio positivo. El espacio de innovaci\u00f3n del Observatorio Socioecon\u00f3mico UCALP es una invitaci\u00f3n a <em>conectar la vanguardia tecnol\u00f3gica con el coraz\u00f3n del desarrollo humano<\/em>. Es un lugar para aprender juntos, reflexionar cr\u00edticamente y construir un futuro donde la innovaci\u00f3n sirva genuinamente al bienestar de todos.<\/p><p>Los invitamos a construir y cruzar estos puentes con nosotros. A explorar las posibilidades de la IA y la computaci\u00f3n cu\u00e1ntica con una mirada \u00e9tica y un compromiso con el desarrollo integral. <em>Juntos, podemos ir m\u00e1s all\u00e1 de los algoritmos para construir puentes que humanicen.<\/em><\/p>\t\t\t\t\t\t\t\t<\/div>\n\t\t\t\t<\/div>\n\t\t\t\t<\/div>\n\t\t\t\t\t<\/div>\n\t\t\t\t<\/div>\n\t\t<div class=\"elementor-element elementor-element-c4451f6 e-flex e-con-boxed e-con e-parent\" data-id=\"c4451f6\" data-element_type=\"container\">\n\t\t\t\t\t<div class=\"e-con-inner\">\n\t\t<div class=\"elementor-element elementor-element-8ec0aa4 e-con-full e-flex e-con e-child\" data-id=\"8ec0aa4\" data-element_type=\"container\">\n\t\t\t\t<div class=\"elementor-element elementor-element-fadfaa3 elementor-grid-eael-col-3 elementor-grid-tablet-eael-col-2 elementor-grid-mobile-eael-col-1 elementor-widget elementor-widget-eael-post-grid\" data-id=\"fadfaa3\" data-element_type=\"widget\" data-settings=\"{&quot;eael_post_grid_columns&quot;:&quot;eael-col-3&quot;,&quot;eael_post_grid_columns_tablet&quot;:&quot;eael-col-2&quot;,&quot;eael_post_grid_columns_mobile&quot;:&quot;eael-col-1&quot;}\" data-widget_type=\"eael-post-grid.default\">\n\t\t\t\t<div class=\"elementor-widget-container\">\n\t\t\t\t\t<div id=\"eael-post-grid-fadfaa3\" class=\"eael-post-grid-container\">\n            <div class=\"eael-post-grid eael-post-appender eael-post-appender-fadfaa3 eael-post-grid-style-three\" data-layout-mode=\"grid\"><article class=\"eael-grid-post eael-post-grid-column\" data-id=\"1306\">\n        <div class=\"eael-grid-post-holder\">\n            <div class=\"eael-grid-post-holder-inner\"><div class=\"eael-entry-media\"><div class=\"eael-entry-overlay fade-in\"><i class=\"fas fa-long-arrow-alt-right\" aria-hidden=\"true\"><\/i><a href=\"https:\/\/ucalp.edu.ar\/observatorio\/pensando-la-mediacion-historica-de-la-inteligencia-artificial-en-relacion-con-el-entorno\/\"rel=\"nofollow\"><\/a><\/div><div class=\"eael-entry-thumbnail eael-image-ratio\">\n                 <img fetchpriority=\"high\" decoding=\"async\" width=\"300\" height=\"206\" src=\"https:\/\/ucalp.edu.ar\/observatorio\/wp-content\/uploads\/2026\/01\/noticia-innovacion-300x206.jpg\" class=\"attachment-medium size-medium wp-image-1308\" alt=\"\" srcset=\"https:\/\/ucalp.edu.ar\/observatorio\/wp-content\/uploads\/2026\/01\/noticia-innovacion-300x206.jpg 300w, https:\/\/ucalp.edu.ar\/observatorio\/wp-content\/uploads\/2026\/01\/noticia-innovacion-768x528.jpg 768w, https:\/\/ucalp.edu.ar\/observatorio\/wp-content\/uploads\/2026\/01\/noticia-innovacion.jpg 800w\" sizes=\"(max-width: 300px) 100vw, 300px\" \/>\n             <\/div>\n        <\/div><div class=\"eael-entry-wrapper\"><header class=\"eael-entry-header\"><h3 class=\"eael-entry-title\"><a class=\"eael-grid-post-link\" href=\"https:\/\/ucalp.edu.ar\/observatorio\/pensando-la-mediacion-historica-de-la-inteligencia-artificial-en-relacion-con-el-entorno\/\" title=\"Pensando la mediaci\u00f3n hist\u00f3rica de la inteligencia artificial en relaci\u00f3n con el entorno\"rel=\"nofollow\">Pensando la mediaci\u00f3n hist\u00f3rica de la inteligencia artificial en relaci\u00f3n con el entorno<\/a><\/h3><\/header><div class=\"eael-entry-meta\"><span class=\"eael-posted-on\"><time datetime=\"8 enero, 2026\">8 enero, 2026<\/time><\/span><\/div><div class=\"eael-entry-content\">\n                        <div class=\"eael-grid-post-excerpt\"><p>Es evidente que la IA se ha convertido en una...<\/p><a href=\"https:\/\/ucalp.edu.ar\/observatorio\/pensando-la-mediacion-historica-de-la-inteligencia-artificial-en-relacion-con-el-entorno\/\" class=\"eael-post-elements-readmore-btn\"rel=\"nofollow\">Leer m\u00e1s<\/a><\/div>\n                    <\/div><\/div><\/div>\n        <\/div>\n    <\/article><article class=\"eael-grid-post eael-post-grid-column\" data-id=\"758\">\n        <div class=\"eael-grid-post-holder\">\n            <div class=\"eael-grid-post-holder-inner\"><div class=\"eael-entry-media\"><div class=\"eael-entry-overlay fade-in\"><i class=\"fas fa-long-arrow-alt-right\" aria-hidden=\"true\"><\/i><a href=\"https:\/\/ucalp.edu.ar\/observatorio\/combinando-la-ia-y-la-computacion-cuantica-para-el-desarrollo-territorial-del-gran-la-plata\/\"rel=\"nofollow\"><\/a><\/div><div class=\"eael-entry-thumbnail eael-image-ratio\">\n                 <img decoding=\"async\" width=\"300\" height=\"206\" src=\"https:\/\/ucalp.edu.ar\/observatorio\/wp-content\/uploads\/2025\/05\/noticia-ai-comp-cuantica-300x206.jpg\" class=\"attachment-medium size-medium wp-image-1314\" alt=\"\" srcset=\"https:\/\/ucalp.edu.ar\/observatorio\/wp-content\/uploads\/2025\/05\/noticia-ai-comp-cuantica-300x206.jpg 300w, https:\/\/ucalp.edu.ar\/observatorio\/wp-content\/uploads\/2025\/05\/noticia-ai-comp-cuantica-768x528.jpg 768w, https:\/\/ucalp.edu.ar\/observatorio\/wp-content\/uploads\/2025\/05\/noticia-ai-comp-cuantica.jpg 800w\" sizes=\"(max-width: 300px) 100vw, 300px\" \/>\n             <\/div>\n        <\/div><div class=\"eael-entry-wrapper\"><header class=\"eael-entry-header\"><h3 class=\"eael-entry-title\"><a class=\"eael-grid-post-link\" href=\"https:\/\/ucalp.edu.ar\/observatorio\/combinando-la-ia-y-la-computacion-cuantica-para-el-desarrollo-territorial-del-gran-la-plata\/\" title=\"Combinando la IA y la computaci\u00f3n cu\u00e1ntica para el desarrollo territorial del Gran La Plata\"rel=\"nofollow\">Combinando la IA y la computaci\u00f3n cu\u00e1ntica para el desarrollo territorial del Gran La Plata<\/a><\/h3><\/header><div class=\"eael-entry-meta\"><span class=\"eael-posted-on\"><time datetime=\"31 mayo, 2025\">31 mayo, 2025<\/time><\/span><\/div><div class=\"eael-entry-content\">\n                        <div class=\"eael-grid-post-excerpt\"><p>Para iniciar el nuevo espacio de innovaci\u00f3n del ObUCALP queremos...<\/p><a href=\"https:\/\/ucalp.edu.ar\/observatorio\/combinando-la-ia-y-la-computacion-cuantica-para-el-desarrollo-territorial-del-gran-la-plata\/\" class=\"eael-post-elements-readmore-btn\"rel=\"nofollow\">Leer m\u00e1s<\/a><\/div>\n                    <\/div><\/div><\/div>\n        <\/div>\n    <\/article><\/div>\n            <div class=\"clearfix\"><\/div>\n        <\/div>\t\t\t\t<\/div>\n\t\t\t\t<\/div>\n\t\t\t\t<\/div>\n\t\t\t\t\t<\/div>\n\t\t\t\t<\/div>\n\t\t\t\t<\/div>\n\t\t","protected":false},"excerpt":{"rendered":"<p>INNOVACI\u00d3N Un espacio que busca ir m\u00e1s all\u00e1 de los algoritmos para construir puentes de humanizaci\u00f3n En el coraz\u00f3n del [&hellip;]<\/p>\n","protected":false},"author":2,"featured_media":0,"parent":0,"menu_order":0,"comment_status":"closed","ping_status":"closed","template":"","meta":{"site-sidebar-layout":"no-sidebar","site-content-layout":"","ast-site-content-layout":"full-width-container","site-content-style":"default","site-sidebar-style":"default","ast-global-header-display":"","ast-banner-title-visibility":"","ast-main-header-display":"","ast-hfb-above-header-display":"","ast-hfb-below-header-display":"","ast-hfb-mobile-header-display":"","site-post-title":"disabled","ast-breadcrumbs-content":"","ast-featured-img":"disabled","footer-sml-layout":"","ast-disable-related-posts":"","theme-transparent-header-meta":"","adv-header-id-meta":"","stick-header-meta":"","header-above-stick-meta":"","header-main-stick-meta":"","header-below-stick-meta":"","astra-migrate-meta-layouts":"default","ast-page-background-enabled":"default","ast-page-background-meta":{"desktop":{"background-color":"var(--ast-global-color-5)","background-image":"","background-repeat":"repeat","background-position":"center center","background-size":"auto","background-attachment":"scroll","background-type":"","background-media":"","overlay-type":"","overlay-color":"","overlay-opacity":"","overlay-gradient":""},"tablet":{"background-color":"","background-image":"","background-repeat":"repeat","background-position":"center center","background-size":"auto","background-attachment":"scroll","background-type":"","background-media":"","overlay-type":"","overlay-color":"","overlay-opacity":"","overlay-gradient":""},"mobile":{"background-color":"","background-image":"","background-repeat":"repeat","background-position":"center center","background-size":"auto","background-attachment":"scroll","background-type":"","background-media":"","overlay-type":"","overlay-color":"","overlay-opacity":"","overlay-gradient":""}},"ast-content-background-meta":{"desktop":{"background-color":"var(--ast-global-color-4)","background-image":"","background-repeat":"repeat","background-position":"center center","background-size":"auto","background-attachment":"scroll","background-type":"","background-media":"","overlay-type":"","overlay-color":"","overlay-opacity":"","overlay-gradient":""},"tablet":{"background-color":"var(--ast-global-color-4)","background-image":"","background-repeat":"repeat","background-position":"center center","background-size":"auto","background-attachment":"scroll","background-type":"","background-media":"","overlay-type":"","overlay-color":"","overlay-opacity":"","overlay-gradient":""},"mobile":{"background-color":"var(--ast-global-color-4)","background-image":"","background-repeat":"repeat","background-position":"center center","background-size":"auto","background-attachment":"scroll","background-type":"","background-media":"","overlay-type":"","overlay-color":"","overlay-opacity":"","overlay-gradient":""}},"footnotes":""},"class_list":["post-617","page","type-page","status-publish","hentry"],"_links":{"self":[{"href":"https:\/\/ucalp.edu.ar\/observatorio\/wp-json\/wp\/v2\/pages\/617","targetHints":{"allow":["GET"]}}],"collection":[{"href":"https:\/\/ucalp.edu.ar\/observatorio\/wp-json\/wp\/v2\/pages"}],"about":[{"href":"https:\/\/ucalp.edu.ar\/observatorio\/wp-json\/wp\/v2\/types\/page"}],"author":[{"embeddable":true,"href":"https:\/\/ucalp.edu.ar\/observatorio\/wp-json\/wp\/v2\/users\/2"}],"replies":[{"embeddable":true,"href":"https:\/\/ucalp.edu.ar\/observatorio\/wp-json\/wp\/v2\/comments?post=617"}],"version-history":[{"count":82,"href":"https:\/\/ucalp.edu.ar\/observatorio\/wp-json\/wp\/v2\/pages\/617\/revisions"}],"predecessor-version":[{"id":1317,"href":"https:\/\/ucalp.edu.ar\/observatorio\/wp-json\/wp\/v2\/pages\/617\/revisions\/1317"}],"wp:attachment":[{"href":"https:\/\/ucalp.edu.ar\/observatorio\/wp-json\/wp\/v2\/media?parent=617"}],"curies":[{"name":"wp","href":"https:\/\/api.w.org\/{rel}","templated":true}]}}