{"id":513,"date":"2025-05-30T08:33:03","date_gmt":"2025-05-30T11:33:03","guid":{"rendered":"https:\/\/ucalp.edu.ar\/observatorio\/?page_id=513"},"modified":"2025-06-09T11:47:10","modified_gmt":"2025-06-09T14:47:10","slug":"articulos","status":"publish","type":"page","link":"https:\/\/ucalp.edu.ar\/observatorio\/articulos\/","title":{"rendered":"Art\u00edculos"},"content":{"rendered":"\t\t<div data-elementor-type=\"wp-page\" data-elementor-id=\"513\" class=\"elementor elementor-513\">\n\t\t\t\t<div class=\"elementor-element elementor-element-2407cac e-flex e-con-boxed e-con e-parent\" data-id=\"2407cac\" data-element_type=\"container\" data-settings=\"{&quot;background_background&quot;:&quot;classic&quot;}\">\n\t\t\t\t\t<div class=\"e-con-inner\">\n\t\t<div class=\"elementor-element elementor-element-94e0874 e-con-full e-flex e-con e-child\" data-id=\"94e0874\" data-element_type=\"container\">\n\t\t\t\t<div class=\"elementor-element elementor-element-1449b54 elementor-widget elementor-widget-heading\" data-id=\"1449b54\" data-element_type=\"widget\" data-widget_type=\"heading.default\">\n\t\t\t\t<div class=\"elementor-widget-container\">\n\t\t\t\t\t<h2 class=\"elementor-heading-title elementor-size-default\">ART\u00cdCULOS<\/h2>\t\t\t\t<\/div>\n\t\t\t\t<\/div>\n\t\t\t\t<\/div>\n\t\t\t\t\t<\/div>\n\t\t\t\t<\/div>\n\t\t<div class=\"elementor-element elementor-element-22b0354 e-flex e-con-boxed e-con e-parent\" data-id=\"22b0354\" data-element_type=\"container\">\n\t\t\t\t\t<div class=\"e-con-inner\">\n\t\t\t\t<div class=\"elementor-element elementor-element-679f5a2 elementor-grid-eael-col-3 elementor-grid-tablet-eael-col-2 elementor-grid-mobile-eael-col-1 elementor-widget elementor-widget-eael-post-grid\" data-id=\"679f5a2\" data-element_type=\"widget\" data-settings=\"{&quot;eael_post_grid_columns&quot;:&quot;eael-col-3&quot;,&quot;eael_post_grid_columns_tablet&quot;:&quot;eael-col-2&quot;,&quot;eael_post_grid_columns_mobile&quot;:&quot;eael-col-1&quot;}\" data-widget_type=\"eael-post-grid.default\">\n\t\t\t\t<div class=\"elementor-widget-container\">\n\t\t\t\t\t<div id=\"eael-post-grid-679f5a2\" class=\"eael-post-grid-container\">\n            <div class=\"eael-post-grid eael-post-appender eael-post-appender-679f5a2 eael-post-grid-style-three\" data-layout-mode=\"grid\"><article class=\"eael-grid-post eael-post-grid-column\" data-id=\"1277\">\n        <div class=\"eael-grid-post-holder\">\n            <div class=\"eael-grid-post-holder-inner\"><div class=\"eael-entry-media\"><div class=\"eael-entry-overlay fade-in\"><i class=\"fas fa-long-arrow-alt-right\" aria-hidden=\"true\"><\/i><a href=\"https:\/\/ucalp.edu.ar\/observatorio\/aprendizaje-y-juegos-para-promover-habitos-saludables-en-los-barrios-platenses\/\"rel=\"nofollow\"><\/a><\/div><div class=\"eael-entry-thumbnail eael-image-ratio\">\n                 <img fetchpriority=\"high\" decoding=\"async\" width=\"300\" height=\"206\" src=\"https:\/\/ucalp.edu.ar\/observatorio\/wp-content\/uploads\/2026\/01\/Aprendizaje-y-juegos-para-promover-habitos-saludables-2-300x206.jpeg\" class=\"attachment-medium size-medium wp-image-1278\" alt=\"Aprendizaje y juegos para promover h\u00e1bitos saludables\" srcset=\"https:\/\/ucalp.edu.ar\/observatorio\/wp-content\/uploads\/2026\/01\/Aprendizaje-y-juegos-para-promover-habitos-saludables-2-300x206.jpeg 300w, https:\/\/ucalp.edu.ar\/observatorio\/wp-content\/uploads\/2026\/01\/Aprendizaje-y-juegos-para-promover-habitos-saludables-2-768x528.jpeg 768w, https:\/\/ucalp.edu.ar\/observatorio\/wp-content\/uploads\/2026\/01\/Aprendizaje-y-juegos-para-promover-habitos-saludables-2.jpeg 800w\" sizes=\"(max-width: 300px) 100vw, 300px\" \/>\n             <\/div>\n        <\/div><div class=\"eael-entry-wrapper\"><header class=\"eael-entry-header\"><h3 class=\"eael-entry-title\"><a class=\"eael-grid-post-link\" href=\"https:\/\/ucalp.edu.ar\/observatorio\/aprendizaje-y-juegos-para-promover-habitos-saludables-en-los-barrios-platenses\/\" title=\"Aprendizaje y juegos para promover h\u00e1bitos saludables en los barrios platenses\"rel=\"nofollow\">Aprendizaje y juegos para promover h\u00e1bitos saludables en los barrios platenses<\/a><\/h3><\/header><div class=\"eael-entry-meta\"><span class=\"eael-posted-on\"><time datetime=\"15 diciembre, 2025\">15 diciembre, 2025<\/time><\/span><\/div><div class=\"eael-entry-content\">\n                        <div class=\"eael-grid-post-excerpt\"><p>El\u00a0Observatorio Socioecon\u00f3mico de la UCALP\u00a0llev\u00f3 a cabo durante septiembre y...<\/p><a href=\"https:\/\/ucalp.edu.ar\/observatorio\/aprendizaje-y-juegos-para-promover-habitos-saludables-en-los-barrios-platenses\/\" class=\"eael-post-elements-readmore-btn\"rel=\"nofollow\">Leer m\u00e1s<\/a><\/div>\n                    <\/div><\/div><\/div>\n        <\/div>\n    <\/article><article class=\"eael-grid-post eael-post-grid-column\" data-id=\"1272\">\n        <div class=\"eael-grid-post-holder\">\n            <div class=\"eael-grid-post-holder-inner\"><div class=\"eael-entry-media\"><div class=\"eael-entry-overlay fade-in\"><i class=\"fas fa-long-arrow-alt-right\" aria-hidden=\"true\"><\/i><a href=\"https:\/\/ucalp.edu.ar\/observatorio\/el-observatorio-participo-en-colombia-del-congreso-internacional-de-pediatria-social\/\"rel=\"nofollow\"><\/a><\/div><div class=\"eael-entry-thumbnail eael-image-ratio\">\n                 <img decoding=\"async\" width=\"300\" height=\"206\" src=\"https:\/\/ucalp.edu.ar\/observatorio\/wp-content\/uploads\/2026\/01\/Observatorio-en-Colombia-300x206.jpeg\" class=\"attachment-medium size-medium wp-image-1273\" alt=\"Observatorio en Colombia\" srcset=\"https:\/\/ucalp.edu.ar\/observatorio\/wp-content\/uploads\/2026\/01\/Observatorio-en-Colombia-300x206.jpeg 300w, https:\/\/ucalp.edu.ar\/observatorio\/wp-content\/uploads\/2026\/01\/Observatorio-en-Colombia-768x528.jpeg 768w, https:\/\/ucalp.edu.ar\/observatorio\/wp-content\/uploads\/2026\/01\/Observatorio-en-Colombia.jpeg 800w\" sizes=\"(max-width: 300px) 100vw, 300px\" \/>\n             <\/div>\n        <\/div><div class=\"eael-entry-wrapper\"><header class=\"eael-entry-header\"><h3 class=\"eael-entry-title\"><a class=\"eael-grid-post-link\" href=\"https:\/\/ucalp.edu.ar\/observatorio\/el-observatorio-participo-en-colombia-del-congreso-internacional-de-pediatria-social\/\" title=\"El Observatorio particip\u00f3 en Colombia del Congreso Internacional de Pediatr\u00eda Social\"rel=\"nofollow\">El Observatorio particip\u00f3 en Colombia del Congreso Internacional de Pediatr\u00eda Social<\/a><\/h3><\/header><div class=\"eael-entry-meta\"><span class=\"eael-posted-on\"><time datetime=\"15 diciembre, 2025\">15 diciembre, 2025<\/time><\/span><\/div><div class=\"eael-entry-content\">\n                        <div class=\"eael-grid-post-excerpt\"><p>El Congreso Internacional de Pediatr\u00eda Social, celebrado en la Universidad...<\/p><a href=\"https:\/\/ucalp.edu.ar\/observatorio\/el-observatorio-participo-en-colombia-del-congreso-internacional-de-pediatria-social\/\" class=\"eael-post-elements-readmore-btn\"rel=\"nofollow\">Leer m\u00e1s<\/a><\/div>\n                    <\/div><\/div><\/div>\n        <\/div>\n    <\/article><article class=\"eael-grid-post eael-post-grid-column\" data-id=\"1267\">\n        <div class=\"eael-grid-post-holder\">\n            <div class=\"eael-grid-post-holder-inner\"><div class=\"eael-entry-media\"><div class=\"eael-entry-overlay fade-in\"><i class=\"fas fa-long-arrow-alt-right\" aria-hidden=\"true\"><\/i><a href=\"https:\/\/ucalp.edu.ar\/observatorio\/el-observatorio-expuso-sobre-dignidad-y-pobreza-en-la-unlp\/\"rel=\"nofollow\"><\/a><\/div><div class=\"eael-entry-thumbnail eael-image-ratio\">\n                 <img decoding=\"async\" width=\"300\" height=\"206\" src=\"https:\/\/ucalp.edu.ar\/observatorio\/wp-content\/uploads\/2026\/01\/observatorio-1-300x206.jpg\" class=\"attachment-medium size-medium wp-image-1269\" alt=\"Referentes del Observatorio Socioecon\u00f3mico de la UCALP\" srcset=\"https:\/\/ucalp.edu.ar\/observatorio\/wp-content\/uploads\/2026\/01\/observatorio-1-300x206.jpg 300w, https:\/\/ucalp.edu.ar\/observatorio\/wp-content\/uploads\/2026\/01\/observatorio-1-768x528.jpg 768w, https:\/\/ucalp.edu.ar\/observatorio\/wp-content\/uploads\/2026\/01\/observatorio-1.jpg 800w\" sizes=\"(max-width: 300px) 100vw, 300px\" \/>\n             <\/div>\n        <\/div><div class=\"eael-entry-wrapper\"><header class=\"eael-entry-header\"><h3 class=\"eael-entry-title\"><a class=\"eael-grid-post-link\" href=\"https:\/\/ucalp.edu.ar\/observatorio\/el-observatorio-expuso-sobre-dignidad-y-pobreza-en-la-unlp\/\" title=\"El Observatorio expuso sobre dignidad y pobreza en la UNLP\"rel=\"nofollow\">El Observatorio expuso sobre dignidad y pobreza en la UNLP<\/a><\/h3><\/header><div class=\"eael-entry-meta\"><span class=\"eael-posted-on\"><time datetime=\"15 diciembre, 2025\">15 diciembre, 2025<\/time><\/span><\/div><div class=\"eael-entry-content\">\n                        <div class=\"eael-grid-post-excerpt\"><p>Referentes del Observatorio Socioecon\u00f3mico de la UCALP participaron en el...<\/p><a href=\"https:\/\/ucalp.edu.ar\/observatorio\/el-observatorio-expuso-sobre-dignidad-y-pobreza-en-la-unlp\/\" class=\"eael-post-elements-readmore-btn\"rel=\"nofollow\">Leer m\u00e1s<\/a><\/div>\n                    <\/div><\/div><\/div>\n        <\/div>\n    <\/article><article class=\"eael-grid-post eael-post-grid-column\" data-id=\"536\">\n        <div class=\"eael-grid-post-holder\">\n            <div class=\"eael-grid-post-holder-inner\"><div class=\"eael-entry-media\"><div class=\"eael-entry-overlay fade-in\"><i class=\"fas fa-long-arrow-alt-right\" aria-hidden=\"true\"><\/i><a href=\"https:\/\/ucalp.edu.ar\/observatorio\/inversion-preventiva-versus-gastos-correctivos\/\"rel=\"nofollow\"><\/a><\/div><div class=\"eael-entry-thumbnail eael-image-ratio\">\n                 <img loading=\"lazy\" decoding=\"async\" width=\"300\" height=\"206\" src=\"https:\/\/ucalp.edu.ar\/observatorio\/wp-content\/uploads\/2025\/05\/noticia-7-300x206.jpg\" class=\"attachment-medium size-medium wp-image-739\" alt=\"\" srcset=\"https:\/\/ucalp.edu.ar\/observatorio\/wp-content\/uploads\/2025\/05\/noticia-7-300x206.jpg 300w, https:\/\/ucalp.edu.ar\/observatorio\/wp-content\/uploads\/2025\/05\/noticia-7-768x528.jpg 768w, https:\/\/ucalp.edu.ar\/observatorio\/wp-content\/uploads\/2025\/05\/noticia-7.jpg 800w\" sizes=\"(max-width: 300px) 100vw, 300px\" \/>\n             <\/div>\n        <\/div><div class=\"eael-entry-wrapper\"><header class=\"eael-entry-header\"><h3 class=\"eael-entry-title\"><a class=\"eael-grid-post-link\" href=\"https:\/\/ucalp.edu.ar\/observatorio\/inversion-preventiva-versus-gastos-correctivos\/\" title=\"Inversi\u00f3n Preventiva versus Gastos Correctivos\"rel=\"nofollow\">Inversi\u00f3n Preventiva versus Gastos Correctivos<\/a><\/h3><\/header><div class=\"eael-entry-meta\"><span class=\"eael-posted-on\"><time datetime=\"30 mayo, 2025\">30 mayo, 2025<\/time><\/span><\/div><div class=\"eael-entry-content\">\n                        <div class=\"eael-grid-post-excerpt\"><p>El pasado mes de junio, las Autoridades del Observatorio Socioecon\u00f3mico...<\/p><a href=\"https:\/\/ucalp.edu.ar\/observatorio\/inversion-preventiva-versus-gastos-correctivos\/\" class=\"eael-post-elements-readmore-btn\"rel=\"nofollow\">Leer m\u00e1s<\/a><\/div>\n                    <\/div><\/div><\/div>\n        <\/div>\n    <\/article><article class=\"eael-grid-post eael-post-grid-column\" data-id=\"532\">\n        <div class=\"eael-grid-post-holder\">\n            <div class=\"eael-grid-post-holder-inner\"><div class=\"eael-entry-media\"><div class=\"eael-entry-overlay fade-in\"><i class=\"fas fa-long-arrow-alt-right\" aria-hidden=\"true\"><\/i><a href=\"https:\/\/ucalp.edu.ar\/observatorio\/el-observatorio-socioeconomico-estuvo-en-el-barrio-31-para-conocer-el-trabajo-de-integracion-que-alli-realizan\/\"rel=\"nofollow\"><\/a><\/div><div class=\"eael-entry-thumbnail eael-image-ratio\">\n                 <img loading=\"lazy\" decoding=\"async\" width=\"300\" height=\"206\" src=\"https:\/\/ucalp.edu.ar\/observatorio\/wp-content\/uploads\/2025\/05\/noticia-6-300x206.jpg\" class=\"attachment-medium size-medium wp-image-738\" alt=\"\" srcset=\"https:\/\/ucalp.edu.ar\/observatorio\/wp-content\/uploads\/2025\/05\/noticia-6-300x206.jpg 300w, https:\/\/ucalp.edu.ar\/observatorio\/wp-content\/uploads\/2025\/05\/noticia-6-768x528.jpg 768w, https:\/\/ucalp.edu.ar\/observatorio\/wp-content\/uploads\/2025\/05\/noticia-6.jpg 800w\" sizes=\"(max-width: 300px) 100vw, 300px\" \/>\n             <\/div>\n        <\/div><div class=\"eael-entry-wrapper\"><header class=\"eael-entry-header\"><h3 class=\"eael-entry-title\"><a class=\"eael-grid-post-link\" href=\"https:\/\/ucalp.edu.ar\/observatorio\/el-observatorio-socioeconomico-estuvo-en-el-barrio-31-para-conocer-el-trabajo-de-integracion-que-alli-realizan\/\" title=\"El Observatorio Socioecon\u00f3mico estuvo en el Barrio 31 para conocer el trabajo de integraci\u00f3n que all\u00ed realizan\"rel=\"nofollow\">El Observatorio Socioecon\u00f3mico estuvo en el Barrio 31 para conocer el trabajo de integraci\u00f3n que all\u00ed realizan<\/a><\/h3><\/header><div class=\"eael-entry-meta\"><span class=\"eael-posted-on\"><time datetime=\"30 mayo, 2025\">30 mayo, 2025<\/time><\/span><\/div><div class=\"eael-entry-content\">\n                        <div class=\"eael-grid-post-excerpt\"><p>Fueron recibidos por el Lic. Juan Ignacio Salari, Subsecretario de...<\/p><a href=\"https:\/\/ucalp.edu.ar\/observatorio\/el-observatorio-socioeconomico-estuvo-en-el-barrio-31-para-conocer-el-trabajo-de-integracion-que-alli-realizan\/\" class=\"eael-post-elements-readmore-btn\"rel=\"nofollow\">Leer m\u00e1s<\/a><\/div>\n                    <\/div><\/div><\/div>\n        <\/div>\n    <\/article><article class=\"eael-grid-post eael-post-grid-column\" data-id=\"529\">\n        <div class=\"eael-grid-post-holder\">\n            <div class=\"eael-grid-post-holder-inner\"><div class=\"eael-entry-media\"><div class=\"eael-entry-overlay fade-in\"><i class=\"fas fa-long-arrow-alt-right\" aria-hidden=\"true\"><\/i><a href=\"https:\/\/ucalp.edu.ar\/observatorio\/el-observatorio-socioeconomico-de-la-ucalp-junto-al-arzobispo-tucho-fernandez\/\"rel=\"nofollow\"><\/a><\/div><div class=\"eael-entry-thumbnail eael-image-ratio\">\n                 <img loading=\"lazy\" decoding=\"async\" width=\"300\" height=\"206\" src=\"https:\/\/ucalp.edu.ar\/observatorio\/wp-content\/uploads\/2025\/05\/noticia-5-300x206.jpg\" class=\"attachment-medium size-medium wp-image-737\" alt=\"\" srcset=\"https:\/\/ucalp.edu.ar\/observatorio\/wp-content\/uploads\/2025\/05\/noticia-5-300x206.jpg 300w, https:\/\/ucalp.edu.ar\/observatorio\/wp-content\/uploads\/2025\/05\/noticia-5-768x528.jpg 768w, https:\/\/ucalp.edu.ar\/observatorio\/wp-content\/uploads\/2025\/05\/noticia-5.jpg 800w\" sizes=\"(max-width: 300px) 100vw, 300px\" \/>\n             <\/div>\n        <\/div><div class=\"eael-entry-wrapper\"><header class=\"eael-entry-header\"><h3 class=\"eael-entry-title\"><a class=\"eael-grid-post-link\" href=\"https:\/\/ucalp.edu.ar\/observatorio\/el-observatorio-socioeconomico-de-la-ucalp-junto-al-arzobispo-tucho-fernandez\/\" title=\"El Observatorio Socioecon\u00f3mico de la UCALP junto al Arzobispo \u201cTucho\u201d Fern\u00e1ndez\"rel=\"nofollow\">El Observatorio Socioecon\u00f3mico de la UCALP junto al Arzobispo \u201cTucho\u201d Fern\u00e1ndez<\/a><\/h3><\/header><div class=\"eael-entry-meta\"><span class=\"eael-posted-on\"><time datetime=\"30 mayo, 2025\">30 mayo, 2025<\/time><\/span><\/div><div class=\"eael-entry-content\">\n                        <div class=\"eael-grid-post-excerpt\"><p>El Secretario General de la UCALP, Lic. Fernando Brugaletta, y...<\/p><a href=\"https:\/\/ucalp.edu.ar\/observatorio\/el-observatorio-socioeconomico-de-la-ucalp-junto-al-arzobispo-tucho-fernandez\/\" class=\"eael-post-elements-readmore-btn\"rel=\"nofollow\">Leer m\u00e1s<\/a><\/div>\n                    <\/div><\/div><\/div>\n        <\/div>\n    <\/article><\/div>\n            <div class=\"clearfix\"><\/div>\n        <\/div>            <div class=\"eael-load-more-button-wrap\">\n                <button class=\"eael-load-more-button\" id=\"eael-load-more-btn-679f5a2\" data-widget-id=\"679f5a2\" data-widget=\"679f5a2\" data-page-id=\"513\" data-template=\"{&quot;dir&quot;:&quot;lite&quot;,&quot;file_name&quot;:&quot;three.php&quot;,&quot;name&quot;:&quot;Post-Grid&quot;}\" data-class=\"Essential_Addons_Elementor\\Elements\\Post_Grid\" data-layout=\"grid\" data-page=\"1\" data-args=\"orderby=date&amp;order=desc&amp;ignore_sticky_posts=1&amp;post_status=publish&amp;posts_per_page=6&amp;offset=0&amp;post_type=post&amp;tax_query%5B0%5D%5Btaxonomy%5D=category&amp;tax_query%5B0%5D%5Bfield%5D=term_id&amp;tax_query%5B0%5D%5Bterms%5D%5B0%5D=5&amp;tax_query%5B0%5D%5Bterms%5D%5B1%5D=4&amp;tax_query%5Brelation%5D=AND&amp;post__not_in%5B0%5D=617\" data-max-page=\"2\">\n                    <span class=\"eael-btn-loader button__loader\"><\/span>\n                    <span class=\"eael_load_more_text\">M\u00e1s Noticias<\/span>\n                <\/button>\n            <\/div>\n            \t\t\t\t<\/div>\n\t\t\t\t<\/div>\n\t\t\t\t\t<\/div>\n\t\t\t\t<\/div>\n\t\t\t\t<\/div>\n\t\t","protected":false},"excerpt":{"rendered":"<p>ART\u00cdCULOS Inversi\u00f3n Preventiva versus Gastos Correctivos 30 mayo, 2025 El pasado mes de junio, las Autoridades del Observatorio Socioecon\u00f3mico&#8230; Leer [&hellip;]<\/p>\n","protected":false},"author":2,"featured_media":0,"parent":0,"menu_order":0,"comment_status":"closed","ping_status":"closed","template":"","meta":{"site-sidebar-layout":"no-sidebar","site-content-layout":"","ast-site-content-layout":"full-width-container","site-content-style":"default","site-sidebar-style":"default","ast-global-header-display":"","ast-banner-title-visibility":"","ast-main-header-display":"","ast-hfb-above-header-display":"","ast-hfb-below-header-display":"","ast-hfb-mobile-header-display":"","site-post-title":"disabled","ast-breadcrumbs-content":"","ast-featured-img":"disabled","footer-sml-layout":"","ast-disable-related-posts":"","theme-transparent-header-meta":"","adv-header-id-meta":"","stick-header-meta":"","header-above-stick-meta":"","header-main-stick-meta":"","header-below-stick-meta":"","astra-migrate-meta-layouts":"default","ast-page-background-enabled":"default","ast-page-background-meta":{"desktop":{"background-color":"var(--ast-global-color-5)","background-image":"","background-repeat":"repeat","background-position":"center center","background-size":"auto","background-attachment":"scroll","background-type":"","background-media":"","overlay-type":"","overlay-color":"","overlay-opacity":"","overlay-gradient":""},"tablet":{"background-color":"","background-image":"","background-repeat":"repeat","background-position":"center center","background-size":"auto","background-attachment":"scroll","background-type":"","background-media":"","overlay-type":"","overlay-color":"","overlay-opacity":"","overlay-gradient":""},"mobile":{"background-color":"","background-image":"","background-repeat":"repeat","background-position":"center center","background-size":"auto","background-attachment":"scroll","background-type":"","background-media":"","overlay-type":"","overlay-color":"","overlay-opacity":"","overlay-gradient":""}},"ast-content-background-meta":{"desktop":{"background-color":"var(--ast-global-color-4)","background-image":"","background-repeat":"repeat","background-position":"center center","background-size":"auto","background-attachment":"scroll","background-type":"","background-media":"","overlay-type":"","overlay-color":"","overlay-opacity":"","overlay-gradient":""},"tablet":{"background-color":"var(--ast-global-color-4)","background-image":"","background-repeat":"repeat","background-position":"center center","background-size":"auto","background-attachment":"scroll","background-type":"","background-media":"","overlay-type":"","overlay-color":"","overlay-opacity":"","overlay-gradient":""},"mobile":{"background-color":"var(--ast-global-color-4)","background-image":"","background-repeat":"repeat","background-position":"center center","background-size":"auto","background-attachment":"scroll","background-type":"","background-media":"","overlay-type":"","overlay-color":"","overlay-opacity":"","overlay-gradient":""}},"footnotes":""},"class_list":["post-513","page","type-page","status-publish","hentry"],"_links":{"self":[{"href":"https:\/\/ucalp.edu.ar\/observatorio\/wp-json\/wp\/v2\/pages\/513","targetHints":{"allow":["GET"]}}],"collection":[{"href":"https:\/\/ucalp.edu.ar\/observatorio\/wp-json\/wp\/v2\/pages"}],"about":[{"href":"https:\/\/ucalp.edu.ar\/observatorio\/wp-json\/wp\/v2\/types\/page"}],"author":[{"embeddable":true,"href":"https:\/\/ucalp.edu.ar\/observatorio\/wp-json\/wp\/v2\/users\/2"}],"replies":[{"embeddable":true,"href":"https:\/\/ucalp.edu.ar\/observatorio\/wp-json\/wp\/v2\/comments?post=513"}],"version-history":[{"count":43,"href":"https:\/\/ucalp.edu.ar\/observatorio\/wp-json\/wp\/v2\/pages\/513\/revisions"}],"predecessor-version":[{"id":1117,"href":"https:\/\/ucalp.edu.ar\/observatorio\/wp-json\/wp\/v2\/pages\/513\/revisions\/1117"}],"wp:attachment":[{"href":"https:\/\/ucalp.edu.ar\/observatorio\/wp-json\/wp\/v2\/media?parent=513"}],"curies":[{"name":"wp","href":"https:\/\/api.w.org\/{rel}","templated":true}]}}